{"id":109,"date":"2023-03-27T11:37:12","date_gmt":"2023-03-27T10:37:12","guid":{"rendered":"https:\/\/blog.ddev.site\/?page_id=109"},"modified":"2023-03-27T12:38:16","modified_gmt":"2023-03-27T11:38:16","slug":"alumni-tu-experiencia-nos-interesa","status":"publish","type":"page","link":"https:\/\/fil.ulpgc.es\/blog\/alumni-tu-experiencia-nos-interesa\/","title":{"rendered":"Alumni: tu experiencia nos interesa"},"content":{"rendered":"\n<p>El grupo ALUMNI de la Facultad de Filolog\u00eda pretende abrir v\u00edas de comunicaci\u00f3n entre los\/as estudiantes egresados\/as y entre estos\/as y la Facultad para compartir informaci\u00f3n y experiencias acad\u00e9micas y laborales.<\/p>\n\n\n\n<p>Si deseas pertenecer al grupo ALUMNI de la Facultad, puedes escribir a\u00a0<strong><a href=\"mailto:alumni_ff@ulpgc.es\">alumni_ff@ulpgc.es<\/a> <\/strong>especificando:<\/p>\n\n\n\n<ul class=\"wp-block-list\">\n<li>nombre completo<\/li>\n\n\n\n<li>tel\u00e9fono (opcional)<\/li>\n\n\n\n<li>titulaci\u00f3n o titulaciones cursadas en la Facultad<\/li>\n\n\n\n<li>correo personal y correo institucional<\/li>\n<\/ul>\n\n\n\n<figure class=\"wp-block-gallery has-nested-images columns-default is-cropped wp-block-gallery-1 is-layout-flex wp-block-gallery-is-layout-flex\">\n<figure class=\"wp-block-image size-large\"><img loading=\"lazy\" decoding=\"async\" width=\"1526\" height=\"1526\" data-attachment-id=\"117\" data-permalink=\"https:\/\/fil.ulpgc.es\/blog\/alumni-tu-experiencia-nos-interesa\/rptoz\/\" data-orig-file=\"https:\/\/fil.ulpgc.es\/blog\/wp-content\/uploads\/2023\/03\/esmeralda_padron.jpg\" data-orig-size=\"1526,1526\" data-comments-opened=\"1\" data-image-meta=\"{&quot;aperture&quot;:&quot;1.6&quot;,&quot;credit&quot;:&quot;&quot;,&quot;camera&quot;:&quot;VOG-L29&quot;,&quot;caption&quot;:&quot;rptoz&quot;,&quot;created_timestamp&quot;:&quot;1671107521&quot;,&quot;copyright&quot;:&quot;&quot;,&quot;focal_length&quot;:&quot;5.56&quot;,&quot;iso&quot;:&quot;320&quot;,&quot;shutter_speed&quot;:&quot;0.03&quot;,&quot;title&quot;:&quot;rptoz&quot;,&quot;orientation&quot;:&quot;0&quot;}\" data-image-title=\"rptoz\" data-image-description=\"\" data-image-caption=\"&lt;p&gt;rptoz&lt;\/p&gt;\n\" data-medium-file=\"https:\/\/fil.ulpgc.es\/blog\/wp-content\/uploads\/2023\/03\/esmeralda_padron.jpg\" data-large-file=\"https:\/\/fil.ulpgc.es\/blog\/wp-content\/uploads\/2023\/03\/esmeralda_padron.jpg\" tabindex=\"0\" role=\"button\" data-id=\"117\" src=\"https:\/\/ff.ulpgc.es\/blog\/wp-content\/uploads\/2023\/03\/esmeralda_padron.jpg?w=1024\" alt=\"\" class=\"wp-image-117\" \/><\/figure>\n\n\n\n<figure class=\"wp-block-image size-large\"><img loading=\"lazy\" decoding=\"async\" width=\"958\" height=\"1037\" data-attachment-id=\"116\" data-permalink=\"https:\/\/fil.ulpgc.es\/blog\/alumni-tu-experiencia-nos-interesa\/pablo-vera\/\" data-orig-file=\"https:\/\/fil.ulpgc.es\/blog\/wp-content\/uploads\/2023\/03\/pablo-vera.jpg\" data-orig-size=\"958,1037\" data-comments-opened=\"1\" data-image-meta=\"{&quot;aperture&quot;:&quot;0&quot;,&quot;credit&quot;:&quot;&quot;,&quot;camera&quot;:&quot;&quot;,&quot;caption&quot;:&quot;&quot;,&quot;created_timestamp&quot;:&quot;0&quot;,&quot;copyright&quot;:&quot;&quot;,&quot;focal_length&quot;:&quot;0&quot;,&quot;iso&quot;:&quot;0&quot;,&quot;shutter_speed&quot;:&quot;0&quot;,&quot;title&quot;:&quot;&quot;,&quot;orientation&quot;:&quot;0&quot;}\" data-image-title=\"Pablo Vera\" data-image-description=\"\" data-image-caption=\"\" data-medium-file=\"https:\/\/fil.ulpgc.es\/blog\/wp-content\/uploads\/2023\/03\/pablo-vera.jpg\" data-large-file=\"https:\/\/fil.ulpgc.es\/blog\/wp-content\/uploads\/2023\/03\/pablo-vera.jpg\" tabindex=\"0\" role=\"button\" data-id=\"116\" src=\"https:\/\/ff.ulpgc.es\/blog\/wp-content\/uploads\/2023\/03\/pablo-vera.jpg?w=946\" alt=\"\" class=\"wp-image-116\" \/><\/figure>\n\n\n\n<figure class=\"wp-block-image size-large\"><img loading=\"lazy\" decoding=\"async\" width=\"731\" height=\"677\" data-attachment-id=\"115\" data-permalink=\"https:\/\/fil.ulpgc.es\/blog\/alumni-tu-experiencia-nos-interesa\/fatima_casandra\/\" data-orig-file=\"https:\/\/fil.ulpgc.es\/blog\/wp-content\/uploads\/2023\/03\/fatima_casandra.jpg\" data-orig-size=\"731,677\" data-comments-opened=\"1\" data-image-meta=\"{&quot;aperture&quot;:&quot;0&quot;,&quot;credit&quot;:&quot;&quot;,&quot;camera&quot;:&quot;&quot;,&quot;caption&quot;:&quot;&quot;,&quot;created_timestamp&quot;:&quot;0&quot;,&quot;copyright&quot;:&quot;&quot;,&quot;focal_length&quot;:&quot;0&quot;,&quot;iso&quot;:&quot;0&quot;,&quot;shutter_speed&quot;:&quot;0&quot;,&quot;title&quot;:&quot;&quot;,&quot;orientation&quot;:&quot;0&quot;}\" data-image-title=\"fatima_casandra\" data-image-description=\"\" data-image-caption=\"\" data-medium-file=\"https:\/\/fil.ulpgc.es\/blog\/wp-content\/uploads\/2023\/03\/fatima_casandra.jpg\" data-large-file=\"https:\/\/fil.ulpgc.es\/blog\/wp-content\/uploads\/2023\/03\/fatima_casandra.jpg\" tabindex=\"0\" role=\"button\" data-id=\"115\" src=\"https:\/\/ff.ulpgc.es\/blog\/wp-content\/uploads\/2023\/03\/fatima_casandra.jpg?w=731\" alt=\"\" class=\"wp-image-115\" \/><\/figure>\n\n\n\n<figure class=\"wp-block-image size-large\"><img loading=\"lazy\" decoding=\"async\" width=\"299\" height=\"302\" data-attachment-id=\"114\" data-permalink=\"https:\/\/fil.ulpgc.es\/blog\/alumni-tu-experiencia-nos-interesa\/seleccion_035\/\" data-orig-file=\"https:\/\/fil.ulpgc.es\/blog\/wp-content\/uploads\/2023\/03\/seleccion_035.png\" data-orig-size=\"299,302\" data-comments-opened=\"1\" data-image-meta=\"{&quot;aperture&quot;:&quot;0&quot;,&quot;credit&quot;:&quot;&quot;,&quot;camera&quot;:&quot;&quot;,&quot;caption&quot;:&quot;&quot;,&quot;created_timestamp&quot;:&quot;0&quot;,&quot;copyright&quot;:&quot;&quot;,&quot;focal_length&quot;:&quot;0&quot;,&quot;iso&quot;:&quot;0&quot;,&quot;shutter_speed&quot;:&quot;0&quot;,&quot;title&quot;:&quot;&quot;,&quot;orientation&quot;:&quot;0&quot;}\" data-image-title=\"Seleccio?n_035\" data-image-description=\"\" data-image-caption=\"\" data-medium-file=\"https:\/\/fil.ulpgc.es\/blog\/wp-content\/uploads\/2023\/03\/seleccion_035.png\" data-large-file=\"https:\/\/fil.ulpgc.es\/blog\/wp-content\/uploads\/2023\/03\/seleccion_035.png\" tabindex=\"0\" role=\"button\" data-id=\"114\" src=\"https:\/\/ff.ulpgc.es\/blog\/wp-content\/uploads\/2023\/03\/seleccion_035.png?w=299\" alt=\"\" class=\"wp-image-114\" \/><\/figure>\n\n\n\n<figure class=\"wp-block-image size-large\"><img loading=\"lazy\" decoding=\"async\" width=\"640\" height=\"640\" data-attachment-id=\"113\" data-permalink=\"https:\/\/fil.ulpgc.es\/blog\/alumni-tu-experiencia-nos-interesa\/me-2\/\" data-orig-file=\"https:\/\/fil.ulpgc.es\/blog\/wp-content\/uploads\/2023\/03\/me-2.jpg\" data-orig-size=\"640,640\" data-comments-opened=\"1\" data-image-meta=\"{&quot;aperture&quot;:&quot;0&quot;,&quot;credit&quot;:&quot;&quot;,&quot;camera&quot;:&quot;&quot;,&quot;caption&quot;:&quot;&quot;,&quot;created_timestamp&quot;:&quot;0&quot;,&quot;copyright&quot;:&quot;&quot;,&quot;focal_length&quot;:&quot;0&quot;,&quot;iso&quot;:&quot;0&quot;,&quot;shutter_speed&quot;:&quot;0&quot;,&quot;title&quot;:&quot;&quot;,&quot;orientation&quot;:&quot;0&quot;}\" data-image-title=\"me (2)\" data-image-description=\"\" data-image-caption=\"\" data-medium-file=\"https:\/\/fil.ulpgc.es\/blog\/wp-content\/uploads\/2023\/03\/me-2.jpg\" data-large-file=\"https:\/\/fil.ulpgc.es\/blog\/wp-content\/uploads\/2023\/03\/me-2.jpg\" tabindex=\"0\" role=\"button\" data-id=\"113\" src=\"https:\/\/ff.ulpgc.es\/blog\/wp-content\/uploads\/2023\/03\/me-2.jpg?w=640\" alt=\"\" class=\"wp-image-113\" \/><\/figure>\n\n\n\n<figure class=\"wp-block-image size-large\"><img loading=\"lazy\" decoding=\"async\" width=\"2489\" height=\"2179\" data-attachment-id=\"112\" data-permalink=\"https:\/\/fil.ulpgc.es\/blog\/alumni-tu-experiencia-nos-interesa\/ivan-nauzet\/\" data-orig-file=\"https:\/\/fil.ulpgc.es\/blog\/wp-content\/uploads\/2023\/03\/ivan-nauzet.jpg\" data-orig-size=\"2489,2179\" data-comments-opened=\"1\" data-image-meta=\"{&quot;aperture&quot;:&quot;4&quot;,&quot;credit&quot;:&quot;Yanira Falcon&quot;,&quot;camera&quot;:&quot;Canon EOS 500D&quot;,&quot;caption&quot;:&quot;&quot;,&quot;created_timestamp&quot;:&quot;1651084596&quot;,&quot;copyright&quot;:&quot;&quot;,&quot;focal_length&quot;:&quot;105&quot;,&quot;iso&quot;:&quot;1600&quot;,&quot;shutter_speed&quot;:&quot;0.01&quot;,&quot;title&quot;:&quot;&quot;,&quot;orientation&quot;:&quot;0&quot;}\" data-image-title=\"Iva?n Nauzet\" data-image-description=\"\" data-image-caption=\"\" data-medium-file=\"https:\/\/fil.ulpgc.es\/blog\/wp-content\/uploads\/2023\/03\/ivan-nauzet.jpg\" data-large-file=\"https:\/\/fil.ulpgc.es\/blog\/wp-content\/uploads\/2023\/03\/ivan-nauzet.jpg\" tabindex=\"0\" role=\"button\" data-id=\"112\" src=\"https:\/\/ff.ulpgc.es\/blog\/wp-content\/uploads\/2023\/03\/ivan-nauzet.jpg?w=1024\" alt=\"\" class=\"wp-image-112\" \/><\/figure>\n<\/figure>\n","protected":false},"excerpt":{"rendered":"<p>El grupo ALUMNI de la Facultad de Filolog\u00eda pretende abrir v\u00edas de comunicaci\u00f3n entre los\/as estudiantes egresados\/as y entre estos\/as y la Facultad para compartir informaci\u00f3n y experiencias acad\u00e9micas y laborales. Si deseas pertenecer al grupo ALUMNI de la Facultad, puedes escribir a\u00a0alumni_ff@ulpgc.es especificando:<\/p>\n","protected":false},"author":232677388,"featured_media":111,"parent":0,"menu_order":0,"comment_status":"closed","ping_status":"closed","template":"","meta":{"advanced_seo_description":"","jetpack_seo_html_title":"","jetpack_seo_noindex":false,"footnotes":""},"class_list":["post-109","page","type-page","status-publish","has-post-thumbnail","hentry"],"jetpack_likes_enabled":true,"jetpack_sharing_enabled":true,"jetpack_shortlink":"https:\/\/wp.me\/Pg5osS-1L","_links":{"self":[{"href":"https:\/\/fil.ulpgc.es\/blog\/wp-json\/wp\/v2\/pages\/109","targetHints":{"allow":["GET"]}}],"collection":[{"href":"https:\/\/fil.ulpgc.es\/blog\/wp-json\/wp\/v2\/pages"}],"about":[{"href":"https:\/\/fil.ulpgc.es\/blog\/wp-json\/wp\/v2\/types\/page"}],"author":[{"embeddable":true,"href":"https:\/\/fil.ulpgc.es\/blog\/wp-json\/wp\/v2\/users\/232677388"}],"replies":[{"embeddable":true,"href":"https:\/\/fil.ulpgc.es\/blog\/wp-json\/wp\/v2\/comments?post=109"}],"version-history":[{"count":4,"href":"https:\/\/fil.ulpgc.es\/blog\/wp-json\/wp\/v2\/pages\/109\/revisions"}],"predecessor-version":[{"id":120,"href":"https:\/\/fil.ulpgc.es\/blog\/wp-json\/wp\/v2\/pages\/109\/revisions\/120"}],"wp:featuredmedia":[{"embeddable":true,"href":"https:\/\/fil.ulpgc.es\/blog\/wp-json\/wp\/v2\/media\/111"}],"wp:attachment":[{"href":"https:\/\/fil.ulpgc.es\/blog\/wp-json\/wp\/v2\/media?parent=109"}],"curies":[{"name":"wp","href":"https:\/\/api.w.org\/{rel}","templated":true}]}}